{"id":5906,"date":"2026-04-10T14:29:37","date_gmt":"2026-04-10T14:29:37","guid":{"rendered":"https:\/\/webxcite.net\/demogenetica\/?post_type=product&#038;p=5906"},"modified":"2026-04-10T14:29:43","modified_gmt":"2026-04-10T14:29:43","slug":"frankus-solidus-6ku55","status":"publish","type":"product","link":"https:\/\/webxcite.net\/demogenetica\/producto\/frankus-solidus-6ku55\/","title":{"rendered":"Frankus solidus 6ku55"},"content":{"rendered":"","protected":false},"excerpt":{"rendered":"<hr \/>\n<p><strong>NOMBRE COMPLETO: <\/strong>FRANKUS SOLIDUS VG 012 6KU55<br \/>\n<strong>N\u00daMERO: <\/strong>6KU55 &nbsp;&nbsp; <strong>REGISTRO: <\/strong>VG 012 6KU55 &nbsp;&nbsp; <strong>FECHA DE NACIMIENTO: <\/strong>30\/04\/2016<br \/>\n<strong>TIPO: <\/strong>CARNE &#8211; <strong>RAZA: <\/strong>ANGUS NEGRO<br \/>\n<strong>PADRE: <\/strong>GARDENS WAVE<br \/>\n<strong>MADRE: <\/strong>MUDELA MARANTA<\/p>\n<p><strong>CARACTER\u00cdSTICAS DESTACADAS:<\/strong><\/p>\n<ul>\n<li>Ayuda a corregir y moderar estatura tipo Angus.<\/li>\n<li>Su progenie es gruesa y correcta.<\/li>\n<li>Ideal para cruzar con Bos Taurus.<\/li>\n<li>Desciende de l\u00ednea materna longeva.<\/li>\n<li>Nuestro toro especializado en producir carne de calidad, fijando caracter\u00edsticas como marm\u00f3reo, terneza y \u00e1rea de ojo del lomo.<\/li>\n<li>Toro ideal para hatos que se dedican a producir carne en canal o para entregar a restaurantes y\/o consumidores finales.<\/li>\n<\/ul>\n<hr \/>\n","protected":false},"featured_media":3014,"comment_status":"closed","ping_status":"closed","template":"","meta":[],"product_brand":[],"product_cat":[86,33],"product_tag":[],"class_list":{"0":"post-5906","1":"product","2":"type-product","3":"status-publish","4":"has-post-thumbnail","6":"product_cat-angus-negro","7":"product_cat-carne","9":"first","10":"instock","11":"shipping-taxable","12":"product-type-simple"},"_links":{"self":[{"href":"https:\/\/webxcite.net\/demogenetica\/wp-json\/wp\/v2\/product\/5906","targetHints":{"allow":["GET"]}}],"collection":[{"href":"https:\/\/webxcite.net\/demogenetica\/wp-json\/wp\/v2\/product"}],"about":[{"href":"https:\/\/webxcite.net\/demogenetica\/wp-json\/wp\/v2\/types\/product"}],"replies":[{"embeddable":true,"href":"https:\/\/webxcite.net\/demogenetica\/wp-json\/wp\/v2\/comments?post=5906"}],"wp:featuredmedia":[{"embeddable":true,"href":"https:\/\/webxcite.net\/demogenetica\/wp-json\/wp\/v2\/media\/3014"}],"wp:attachment":[{"href":"https:\/\/webxcite.net\/demogenetica\/wp-json\/wp\/v2\/media?parent=5906"}],"wp:term":[{"taxonomy":"product_brand","embeddable":true,"href":"https:\/\/webxcite.net\/demogenetica\/wp-json\/wp\/v2\/product_brand?post=5906"},{"taxonomy":"product_cat","embeddable":true,"href":"https:\/\/webxcite.net\/demogenetica\/wp-json\/wp\/v2\/product_cat?post=5906"},{"taxonomy":"product_tag","embeddable":true,"href":"https:\/\/webxcite.net\/demogenetica\/wp-json\/wp\/v2\/product_tag?post=5906"}],"curies":[{"name":"wp","href":"https:\/\/api.w.org\/{rel}","templated":true}]}}