{"id":5911,"date":"2026-04-10T14:29:38","date_gmt":"2026-04-10T14:29:38","guid":{"rendered":"https:\/\/webxcite.net\/demogenetica\/?post_type=product&#038;p=5911"},"modified":"2026-04-10T14:29:45","modified_gmt":"2026-04-10T14:29:45","slug":"romulo","status":"publish","type":"product","link":"https:\/\/webxcite.net\/demogenetica\/producto\/romulo\/","title":{"rendered":"Romulo"},"content":{"rendered":"","protected":false},"excerpt":{"rendered":"<hr \/>\n<p><strong>NOMBRE COMPLETO: <\/strong>M\u00c1SFINCA 122B ANICETTO ROMULO<br \/>\n<strong>N\u00daMERO: <\/strong>122B &nbsp;&nbsp; <strong>REGISTRO: <\/strong>55608 &nbsp;&nbsp; <strong>FECHA DE NACIMIENTO: <\/strong>25\/03\/2021<br \/>\n<strong>TIPO: <\/strong>CARNE &#8211; <strong>RAZA: <\/strong>ANGUS NEGRO<br \/>\n<strong>PADRE: <\/strong>LATISANA 497 ANICETTO 074 COPARSITA &#8211; HBA840145<br \/>\n<strong>MADRE: <\/strong>MAS FINCA 1923 APERO &#8211; 39502<\/p>\n<p>\n<strong>CARACTER\u00cdSTICAS DESTACADAS:<\/strong><\/p>\n<ul>\n<li>Campe\u00f3n Angus de gen\u00e9tica \u00e9lite.<\/li>\n<li>Facilidad de parto.<\/li>\n<li>Rendimiento c\u00e1rnico y hembras uniformes de gran habilidad materna.<\/li>\n<\/ul>\n<hr \/>\n<p><iframe title=\"YouTube video player\" src=\"https:\/\/www.youtube.com\/embed\/E1WCB46cxXc?si=hB3T0qs_SMtR_-Mk\" width=\"560\" height=\"315\" frameborder=\"0\" allowfullscreen=\"allowfullscreen\"><\/iframe><\/p>\n","protected":false},"featured_media":3039,"comment_status":"closed","ping_status":"closed","template":"","meta":[],"product_brand":[],"product_cat":[86,33],"product_tag":[],"class_list":{"0":"post-5911","1":"product","2":"type-product","3":"status-publish","4":"has-post-thumbnail","6":"product_cat-angus-negro","7":"product_cat-carne","9":"first","10":"instock","11":"shipping-taxable","12":"product-type-simple"},"_links":{"self":[{"href":"https:\/\/webxcite.net\/demogenetica\/wp-json\/wp\/v2\/product\/5911","targetHints":{"allow":["GET"]}}],"collection":[{"href":"https:\/\/webxcite.net\/demogenetica\/wp-json\/wp\/v2\/product"}],"about":[{"href":"https:\/\/webxcite.net\/demogenetica\/wp-json\/wp\/v2\/types\/product"}],"replies":[{"embeddable":true,"href":"https:\/\/webxcite.net\/demogenetica\/wp-json\/wp\/v2\/comments?post=5911"}],"wp:featuredmedia":[{"embeddable":true,"href":"https:\/\/webxcite.net\/demogenetica\/wp-json\/wp\/v2\/media\/3039"}],"wp:attachment":[{"href":"https:\/\/webxcite.net\/demogenetica\/wp-json\/wp\/v2\/media?parent=5911"}],"wp:term":[{"taxonomy":"product_brand","embeddable":true,"href":"https:\/\/webxcite.net\/demogenetica\/wp-json\/wp\/v2\/product_brand?post=5911"},{"taxonomy":"product_cat","embeddable":true,"href":"https:\/\/webxcite.net\/demogenetica\/wp-json\/wp\/v2\/product_cat?post=5911"},{"taxonomy":"product_tag","embeddable":true,"href":"https:\/\/webxcite.net\/demogenetica\/wp-json\/wp\/v2\/product_tag?post=5911"}],"curies":[{"name":"wp","href":"https:\/\/api.w.org\/{rel}","templated":true}]}}