{"id":5946,"date":"2026-04-10T14:29:50","date_gmt":"2026-04-10T14:29:50","guid":{"rendered":"https:\/\/webxcite.net\/demogenetica\/?post_type=product&#038;p=5946"},"modified":"2026-04-10T14:29:55","modified_gmt":"2026-04-10T14:29:55","slug":"san-mateo-fermin-304-1","status":"publish","type":"product","link":"https:\/\/webxcite.net\/demogenetica\/producto\/san-mateo-fermin-304-1\/","title":{"rendered":"San Mateo Fermin 304\/1"},"content":{"rendered":"<p>`<strong>Gen\u00f3mica<\/strong><\/p>\n<table width=\"90%\" style=\"border-collapse:collapse;font-family:Arial,sans-serif;font-size:13px;\">\n<tbody>\n<tr>\n<td style=\"border:1px solid #ccc;padding:6px;background:#f5f5f5;font-weight:bold;\">MBR1319464<\/td>\n<td style=\"border:1px solid #ccc;padding:6px;background:#f5f5f5;font-weight:bold;\">PA7M<\/td>\n<td style=\"border:1px solid #ccc;padding:6px;background:#f5f5f5;font-weight:bold;\">PA12M<\/td>\n<td style=\"border:1px solid #ccc;padding:6px;background:#f5f5f5;font-weight:bold;\">PA18M<\/td>\n<\/tr>\n<tr>\n<td style=\"border:1px solid #ccc;padding:6px;\"><\/td>\n<td style=\"border:1px solid #ccc;padding:6px;text-align:center;\">8,86<\/td>\n<td style=\"border:1px solid #ccc;padding:6px;text-align:center;\">9,8<\/td>\n<td style=\"border:1px solid #ccc;padding:6px;text-align:center;\">8,97<\/td>\n<\/tr>\n<tr>\n<td style=\"border:1px solid #ccc;padding:6px;font-weight:bold;\">EXA (%)<\/td>\n<td style=\"border:1px solid #ccc;padding:6px;text-align:center;background:#fde8e8;\">0,56<\/td>\n<td style=\"border:1px solid #ccc;padding:6px;text-align:center;background:#fde8e8;\">0,57<\/td>\n<td style=\"border:1px solid #ccc;padding:6px;text-align:center;background:#fde8e8;\">0,56<\/td>\n<\/tr>\n<tr>\n<td style=\"border:1px solid #ccc;padding:6px;\"><\/td>\n<td style=\"border:1px solid #ccc;padding:6px;background:#f5f5f5;font-weight:bold;\">AOL<\/td>\n<td style=\"border:1px solid #ccc;padding:6px;background:#f5f5f5;font-weight:bold;\">GD<\/td>\n<td style=\"border:1px solid #ccc;padding:6px;background:#f5f5f5;font-weight:bold;\">GA<\/td>\n<\/tr>\n<tr>\n<td style=\"border:1px solid #ccc;padding:6px;\"><\/td>\n<td style=\"border:1px solid #ccc;padding:6px;text-align:center;\">7,15<\/td>\n<td style=\"border:1px solid #ccc;padding:6px;text-align:center;\">0,29<\/td>\n<td style=\"border:1px solid #ccc;padding:6px;text-align:center;\">0,53<\/td>\n<\/tr>\n<tr>\n<td style=\"border:1px solid #ccc;padding:6px;font-weight:bold;\">EXA (%)<\/td>\n<td style=\"border:1px solid #ccc;padding:6px;text-align:center;background:#fde8e8;\">0,58<\/td>\n<td style=\"border:1px solid #ccc;padding:6px;text-align:center;background:#fde8e8;\">0,55<\/td>\n<td style=\"border:1px solid #ccc;padding:6px;text-align:center;background:#fde8e8;\">0,58<\/td>\n<\/tr>\n<tr>\n<td style=\"border:1px solid #ccc;padding:6px;\"><\/td>\n<td style=\"border:1px solid #ccc;padding:6px;background:#f5f5f5;font-weight:bold;\">H4M<\/td>\n<td style=\"border:1px solid #ccc;padding:6px;background:#f5f5f5;font-weight:bold;\">EPP<\/td>\n<td style=\"border:1px solid #ccc;padding:6px;\"><\/td>\n<\/tr>\n<tr>\n<td style=\"border:1px solid #ccc;padding:6px;\"><\/td>\n<td style=\"border:1px solid #ccc;padding:6px;text-align:center;\">0,73<\/td>\n<td style=\"border:1px solid #ccc;padding:6px;text-align:center;\">-1,32<\/td>\n<td style=\"border:1px solid #ccc;padding:6px;\"><\/td>\n<\/tr>\n<tr>\n<td style=\"border:1px solid #ccc;padding:6px;font-weight:bold;\">EXA (%)<\/td>\n<td style=\"border:1px solid #ccc;padding:6px;text-align:center;background:#fde8e8;\">0,51<\/td>\n<td style=\"border:1px solid #ccc;padding:6px;text-align:center;background:#fde8e8;\">0,62<\/td>\n<td style=\"border:1px solid #ccc;padding:6px;\"><\/td>\n<\/tr>\n<\/tbody>\n<\/table>\n<p>`<\/p>\n","protected":false},"excerpt":{"rendered":"<hr \/>\n<p><strong>NOMBRE COMPLETO: <\/strong>SAN MATEO FERMIN T.E.<br \/>\n<strong>N\u00daMERO: <\/strong>304\/1 &nbsp;&nbsp; <strong>REGISTRO: <\/strong>MBR1319464 &nbsp;&nbsp; <strong>FECHA DE NACIMIENTO: <\/strong>14\/07\/2021<br \/>\n<strong>TIPO: <\/strong>CARNE &#8211; <strong>RAZA: <\/strong>BRAHMAN GRIS<br \/>\n<strong>PADRE: <\/strong>MR. V8 146\/8<br \/>\n<strong>MADRE: <\/strong>JDH LADY MALISSA MANSO 6\/9<\/p>\n<p><strong>CUALIDADES Y DESEMPE\u00d1O:<\/strong><\/p>\n<p>Ferm\u00edn es un toro con predicci\u00f3n gen\u00f3mica sobresaliente, destacando en ganancia de peso, aptitudes c\u00e1rnicas, fertilidad y habilidad materna. Posee un fenotipo impecable con excelente caracterizaci\u00f3n racial, pigmento, longitud y una musculatura profunda y bien estructurada.<\/p>\n<ul>\n<li><strong>Historial de Grandes Campeonatos:<\/strong>\n<ul>\n<li>Campe\u00f3n Senior &#8211; Feria Internacional Las Flores de la Ganader\u00eda.<\/li>\n<li><strong>Gran Campe\u00f3n<\/strong> &#8211; Feria Ganadera Bucaramanga (2024).<\/li>\n<li><strong>Gran Campe\u00f3n<\/strong> &#8211; Feria Nacional Ceb\u00fa Rionegro, Antioquia (2024).<\/li>\n<li><strong>Gran Campe\u00f3n<\/strong> &#8211; Agroexpo Corferias (2025).<\/li>\n<\/ul>\n<\/li>\n<\/ul>\n<hr \/>\n","protected":false},"featured_media":3499,"comment_status":"closed","ping_status":"closed","template":"","meta":[],"product_brand":[89,101,104,105,55],"product_cat":[97,33,40],"product_tag":[],"class_list":{"0":"post-5946","1":"product","2":"type-product","3":"status-publish","4":"has-post-thumbnail","6":"product_brand-aptitudes-carnicas","7":"product_brand-campeon-feria","8":"product_brand-facilidad-de-parto","9":"product_brand-fertilidad","10":"product_brand-madre-sobresaliente","11":"product_cat-brahman-gris","12":"product_cat-carne","13":"product_cat-exportacion","15":"first","16":"instock","17":"shipping-taxable","18":"product-type-simple"},"_links":{"self":[{"href":"https:\/\/webxcite.net\/demogenetica\/wp-json\/wp\/v2\/product\/5946","targetHints":{"allow":["GET"]}}],"collection":[{"href":"https:\/\/webxcite.net\/demogenetica\/wp-json\/wp\/v2\/product"}],"about":[{"href":"https:\/\/webxcite.net\/demogenetica\/wp-json\/wp\/v2\/types\/product"}],"replies":[{"embeddable":true,"href":"https:\/\/webxcite.net\/demogenetica\/wp-json\/wp\/v2\/comments?post=5946"}],"wp:featuredmedia":[{"embeddable":true,"href":"https:\/\/webxcite.net\/demogenetica\/wp-json\/wp\/v2\/media\/3499"}],"wp:attachment":[{"href":"https:\/\/webxcite.net\/demogenetica\/wp-json\/wp\/v2\/media?parent=5946"}],"wp:term":[{"taxonomy":"product_brand","embeddable":true,"href":"https:\/\/webxcite.net\/demogenetica\/wp-json\/wp\/v2\/product_brand?post=5946"},{"taxonomy":"product_cat","embeddable":true,"href":"https:\/\/webxcite.net\/demogenetica\/wp-json\/wp\/v2\/product_cat?post=5946"},{"taxonomy":"product_tag","embeddable":true,"href":"https:\/\/webxcite.net\/demogenetica\/wp-json\/wp\/v2\/product_tag?post=5946"}],"curies":[{"name":"wp","href":"https:\/\/api.w.org\/{rel}","templated":true}]}}