{"id":6012,"date":"2026-04-10T14:30:12","date_gmt":"2026-04-10T14:30:12","guid":{"rendered":"https:\/\/webxcite.net\/demogenetica\/?post_type=product&#038;p=6012"},"modified":"2026-04-10T14:30:19","modified_gmt":"2026-04-10T14:30:19","slug":"el-caney-embrujo-t-e-039-2","status":"publish","type":"product","link":"https:\/\/webxcite.net\/demogenetica\/producto\/el-caney-embrujo-t-e-039-2\/","title":{"rendered":"El Caney Embrujo T.E. 039\/2"},"content":{"rendered":"","protected":false},"excerpt":{"rendered":"<hr \/>\n<p><strong>NOMBRE COMPLETO: <\/strong>EL CANEY EMBRUJO T.E. 039\/2<br \/>\n<strong>N\u00daMERO: <\/strong>039\/2 &nbsp;&nbsp; <strong>REGISTRO: <\/strong>MBR1363069 &nbsp;&nbsp; <strong>FECHA DE NACIMIENTO: <\/strong>22\/06\/2022<br \/>\n<strong>TIPO: <\/strong>CARNE &#8211; <strong>RAZA: <\/strong>BRAHMAN ROJO<br \/>\n<strong>PADRE: <\/strong>TJF MR. SMOKIN GUN 109\/7<br \/>\n<strong>MADRE: <\/strong>EL CANEY EGEMONIA T.E. 742\/5<\/p>\n<div style=\"text-align: center; margin-top: 20px;\">\n    <span style=\"background-color: #f8f9fa; padding: 5px 15px; border: 1px solid #ddd; border-radius: 5px; font-weight: bold;\"><br \/>\n        &#x1f3c6; El Caney Elegida, Gran campeona Nacional 2025 &#8211; Hermana completa<br \/>\n    <\/span>\n<\/div>\n<div style=\"display: flex; justify-content: center; margin: 15px 0;\">\n<blockquote class=\"instagram-media\" data-instgrm-permalink=\"https:\/\/www.instagram.com\/reel\/DJW2IB_xVQM\/\" data-instgrm-version=\"14\" style=\"background:#FFF; border:0; border-radius:3px; box-shadow:0 0 1px 0 rgba(0,0,0,0.5),0 1px 10px 0 rgba(0,0,0,0.15); margin: 1px; max-width:540px; min-width:326px; padding:0; width:99.375%;\"><\/blockquote>\n<p>    <script async src=\"\/\/www.instagram.com\/embed.js\"><\/script>\n<\/div>\n<p style=\"font-style: italic; color: #555; margin-top: 10px;\">\n    \u00abLes compartimos este super video del toro con el que participaremos en el pr\u00f3ximo remate \u201cCon Sabor a Ganado\u201d. Hijo de Smoking Gun x Hegemon\u00eda, lote que no necesita mucha presentaci\u00f3n y que estar\u00e1 disponible para ustedes en este gran evento.\u00bb\n<\/p>\n<hr \/>\n","protected":false},"featured_media":3262,"comment_status":"closed","ping_status":"closed","template":"","meta":[],"product_brand":[],"product_cat":[98,33,40],"product_tag":[],"class_list":{"0":"post-6012","1":"product","2":"type-product","3":"status-publish","4":"has-post-thumbnail","6":"product_cat-brahman-rojo","7":"product_cat-carne","8":"product_cat-exportacion","10":"first","11":"instock","12":"shipping-taxable","13":"product-type-simple"},"_links":{"self":[{"href":"https:\/\/webxcite.net\/demogenetica\/wp-json\/wp\/v2\/product\/6012","targetHints":{"allow":["GET"]}}],"collection":[{"href":"https:\/\/webxcite.net\/demogenetica\/wp-json\/wp\/v2\/product"}],"about":[{"href":"https:\/\/webxcite.net\/demogenetica\/wp-json\/wp\/v2\/types\/product"}],"replies":[{"embeddable":true,"href":"https:\/\/webxcite.net\/demogenetica\/wp-json\/wp\/v2\/comments?post=6012"}],"wp:featuredmedia":[{"embeddable":true,"href":"https:\/\/webxcite.net\/demogenetica\/wp-json\/wp\/v2\/media\/3262"}],"wp:attachment":[{"href":"https:\/\/webxcite.net\/demogenetica\/wp-json\/wp\/v2\/media?parent=6012"}],"wp:term":[{"taxonomy":"product_brand","embeddable":true,"href":"https:\/\/webxcite.net\/demogenetica\/wp-json\/wp\/v2\/product_brand?post=6012"},{"taxonomy":"product_cat","embeddable":true,"href":"https:\/\/webxcite.net\/demogenetica\/wp-json\/wp\/v2\/product_cat?post=6012"},{"taxonomy":"product_tag","embeddable":true,"href":"https:\/\/webxcite.net\/demogenetica\/wp-json\/wp\/v2\/product_tag?post=6012"}],"curies":[{"name":"wp","href":"https:\/\/api.w.org\/{rel}","templated":true}]}}