{"id":3116,"date":"2026-01-14T15:05:42","date_gmt":"2026-01-14T20:05:42","guid":{"rendered":"https:\/\/egenetica.com.co\/egenetica\/?page_id=3116"},"modified":"2026-03-25T10:37:23","modified_gmt":"2026-03-25T15:37:23","slug":"synetics","status":"publish","type":"page","link":"https:\/\/webxcite.net\/egenetica\/synetics\/","title":{"rendered":"SYNETICS"},"content":{"rendered":"\t\t<div data-elementor-type=\"wp-page\" data-elementor-id=\"3116\" class=\"elementor elementor-3116\">\n\t\t\t\t<div class=\"elementor-element elementor-element-62dd7a5 e-flex e-con-boxed lakit-col-width-auto-no e-container e-root-container elementor-top-section e-con e-parent\" data-id=\"62dd7a5\" data-element_type=\"container\" data-e-type=\"container\" data-settings=\"{&quot;background_background&quot;:&quot;classic&quot;}\">\n\t\t\t\t\t<div class=\"e-con-inner\">\n\t\t\t\t<div class=\"elementor-element elementor-element-ecd8f4c elementor-widget elementor-widget-heading\" data-id=\"ecd8f4c\" data-element_type=\"widget\" data-e-type=\"widget\" data-widget_type=\"heading.default\">\n\t\t\t\t\t<h2 class=\"elementor-heading-title elementor-size-default\">Empresa Gen\u00e9tica Especial es distribuidor autorizado de Synetics eG, siendo la empresa europea m\u00e1s grande de gen\u00e9tica. <\/h2>\t\t\t\t<\/div>\n\t\t\t\t\t<\/div>\n\t\t\t\t<\/div>\n\t\t<div class=\"elementor-element elementor-element-1e47042 e-flex e-con-boxed lakit-col-width-auto-no e-container e-root-container elementor-top-section e-con e-parent\" data-id=\"1e47042\" data-element_type=\"container\" data-e-type=\"container\">\n\t\t\t\t\t<div class=\"e-con-inner\">\n\t\t<div class=\"elementor-element elementor-element-bdae4d1 e-con-full e-flex lakit-col-width-auto-no e-container e-con e-child\" data-id=\"bdae4d1\" data-element_type=\"container\" data-e-type=\"container\">\n\t\t\t\t<div class=\"elementor-element elementor-element-6e5a4b2 elementor-widget elementor-widget-image\" data-id=\"6e5a4b2\" data-element_type=\"widget\" data-e-type=\"widget\" data-widget_type=\"image.default\">\n\t\t\t\t\t\t\t\t\t\t\t\t\t\t\t<img fetchpriority=\"high\" decoding=\"async\" width=\"644\" height=\"846\" src=\"https:\/\/webxcite.net\/egenetica\/wp-content\/uploads\/2026\/01\/synetics.png\" class=\"attachment-medium size-medium wp-image-3120\" alt=\"\" \/>\t\t\t\t\t\t\t\t\t\t\t\t\t\t\t<\/div>\n\t\t\t\t<\/div>\n\t\t<div class=\"elementor-element elementor-element-091b457 e-con-full e-flex lakit-col-width-auto-no e-container e-con e-child\" data-id=\"091b457\" data-element_type=\"container\" data-e-type=\"container\">\n\t\t\t\t<div class=\"elementor-element elementor-element-5931da2 elementor-widget elementor-widget-heading\" data-id=\"5931da2\" data-element_type=\"widget\" data-e-type=\"widget\" data-widget_type=\"heading.default\">\n\t\t\t\t\t<h2 class=\"elementor-heading-title elementor-size-default\">EXCELENCIA Y DIVERSIDAD A SU MEDIDA<\/h2>\t\t\t\t<\/div>\n\t\t\t\t<div class=\"elementor-element elementor-element-fc3f601 elementor-widget elementor-widget-text-editor\" data-id=\"fc3f601\" data-element_type=\"widget\" data-e-type=\"widget\" data-widget_type=\"text-editor.default\">\n\t\t\t\t\t\t\t\t\t<p>Las Cooperativas <strong>Synetics y MASTERRIND<\/strong> fusionan su Desarrollo gen\u00e9tico y sistemas de actividad para crear la cooperativa <strong>SYNETICS eG.<\/strong><\/p><p>\u2022 37,000 ganaderos cooperados<br \/>\u2022 LA ORGANIZACI\u00d3N DE GEN\u00c9TICA MAS GRANDE DE EUROPA<br \/>\u2022 Variedad de fincas: 50 &#8211; 2,000\u00a0vacas<br \/>\u2022 Diversidad en un mismo portafolio: Leche y Carne: 20\u00a0razas bovinas<br \/>\u2022 Caprinos: 3 razas (2 leche \u2013 1 Carne)<br \/>\u2022 2022: 8\u00a0Millones de dosis vendidas\u00a0a nivel mundial<br \/>\u2022 Activos en 80 paises<\/p><p>Misma confiabilidad de antes, selecci\u00f3n m\u00e1s\u00a0intensiva, variaci\u00f3n mas amplia. Para nuestros socios: rapido progreso gen\u00e9tico y ofrece diferentes objetivos de producci\u00f3n.<\/p>\t\t\t\t\t\t\t\t<\/div>\n\t\t\t\t<\/div>\n\t\t\t\t\t<\/div>\n\t\t\t\t<\/div>\n\t\t<div class=\"elementor-element elementor-element-2e41e6c e-flex e-con-boxed lakit-col-width-auto-no e-container e-root-container elementor-top-section e-con e-parent\" data-id=\"2e41e6c\" data-element_type=\"container\" data-e-type=\"container\" data-settings=\"{&quot;background_background&quot;:&quot;classic&quot;}\">\n\t\t\t\t\t<div class=\"e-con-inner\">\n\t\t<div class=\"elementor-element elementor-element-c4f4080 e-con-full e-flex lakit-col-width-auto-no e-container e-con e-child\" data-id=\"c4f4080\" data-element_type=\"container\" data-e-type=\"container\">\n\t\t\t\t<div class=\"elementor-element elementor-element-0174c81 elementor-widget elementor-widget-heading\" data-id=\"0174c81\" data-element_type=\"widget\" data-e-type=\"widget\" data-widget_type=\"heading.default\">\n\t\t\t\t\t<h2 class=\"elementor-heading-title elementor-size-default\"> APOYO T\u00c9CNICO:<\/h2>\t\t\t\t<\/div>\n\t\t\t\t<div class=\"elementor-element elementor-element-e53db34 elementor-widget-divider--view-line elementor-widget elementor-widget-divider\" data-id=\"e53db34\" data-element_type=\"widget\" data-e-type=\"widget\" data-widget_type=\"divider.default\">\n\t\t\t\t\t\t\t<div class=\"elementor-divider\">\n\t\t\t<span class=\"elementor-divider-separator\">\n\t\t\t\t\t\t<\/span>\n\t\t<\/div>\n\t\t\t\t\t\t<\/div>\n\t\t\t\t<div class=\"elementor-element elementor-element-ce951d1 elementor-widget elementor-widget-text-editor\" data-id=\"ce951d1\" data-element_type=\"widget\" data-e-type=\"widget\" data-widget_type=\"text-editor.default\">\n\t\t\t\t\t\t\t\t\t<p>Los especialistas t\u00e9cnicos de <strong>SYNETICS<\/strong> y sus socios (empresas de selecci\u00f3n) lo asesoran para desarrollar la gen\u00e9tica m\u00e1s adaptada a sus expectativas de especias bovinas y caprinas.<\/p>\t\t\t\t\t\t\t\t<\/div>\n\t\t\t\t<\/div>\n\t\t<div class=\"elementor-element elementor-element-b6eb9ca e-con-full e-flex lakit-col-width-auto-no e-container e-con e-child\" data-id=\"b6eb9ca\" data-element_type=\"container\" data-e-type=\"container\">\n\t\t\t\t<div class=\"elementor-element elementor-element-caae61d elementor-widget elementor-widget-image\" data-id=\"caae61d\" data-element_type=\"widget\" data-e-type=\"widget\" data-widget_type=\"image.default\">\n\t\t\t\t\t\t\t\t\t\t\t\t\t\t\t<img decoding=\"async\" width=\"1200\" height=\"1200\" src=\"https:\/\/webxcite.net\/egenetica\/wp-content\/uploads\/2026\/01\/synetics-equipo.jpg\" class=\"attachment-large size-large wp-image-3124\" alt=\"\" srcset=\"https:\/\/webxcite.net\/egenetica\/wp-content\/uploads\/2026\/01\/synetics-equipo.jpg 1200w, https:\/\/webxcite.net\/egenetica\/wp-content\/uploads\/2026\/01\/synetics-equipo-100x100.jpg 100w\" sizes=\"(max-width: 1200px) 100vw, 1200px\" \/>\t\t\t\t\t\t\t\t\t\t\t\t\t\t\t<\/div>\n\t\t\t\t<\/div>\n\t\t<div class=\"elementor-element elementor-element-fe5c491 e-con-full e-flex lakit-col-width-auto-no e-container e-con e-child\" data-id=\"fe5c491\" data-element_type=\"container\" data-e-type=\"container\">\n\t\t\t\t<div class=\"elementor-element elementor-element-2e9430f elementor-widget elementor-widget-image\" data-id=\"2e9430f\" data-element_type=\"widget\" data-e-type=\"widget\" data-widget_type=\"image.default\">\n\t\t\t\t\t\t\t\t\t\t\t\t\t\t\t<img decoding=\"async\" width=\"650\" height=\"650\" src=\"https:\/\/webxcite.net\/egenetica\/wp-content\/uploads\/2026\/01\/contact-us-min.jpg\" class=\"attachment-large size-large wp-image-3125\" alt=\"\" srcset=\"https:\/\/webxcite.net\/egenetica\/wp-content\/uploads\/2026\/01\/contact-us-min.jpg 650w, https:\/\/webxcite.net\/egenetica\/wp-content\/uploads\/2026\/01\/contact-us-min-100x100.jpg 100w\" sizes=\"(max-width: 650px) 100vw, 650px\" \/>\t\t\t\t\t\t\t\t\t\t\t\t\t\t\t<\/div>\n\t\t\t\t<\/div>\n\t\t<div class=\"elementor-element elementor-element-f7778c8 e-con-full e-flex lakit-col-width-auto-no e-container e-con e-child\" data-id=\"f7778c8\" data-element_type=\"container\" data-e-type=\"container\">\n\t\t\t\t<div class=\"elementor-element elementor-element-5c1ad30 elementor-widget elementor-widget-heading\" data-id=\"5c1ad30\" data-element_type=\"widget\" data-e-type=\"widget\" data-widget_type=\"heading.default\">\n\t\t\t\t\t<h2 class=\"elementor-heading-title elementor-size-default\">GEN\u00c9TICA \/ GEN\u00d3MICA:<\/h2>\t\t\t\t<\/div>\n\t\t\t\t<div class=\"elementor-element elementor-element-42fa696 elementor-widget-divider--view-line elementor-widget elementor-widget-divider\" data-id=\"42fa696\" data-element_type=\"widget\" data-e-type=\"widget\" data-widget_type=\"divider.default\">\n\t\t\t\t\t\t\t<div class=\"elementor-divider\">\n\t\t\t<span class=\"elementor-divider-separator\">\n\t\t\t\t\t\t<\/span>\n\t\t<\/div>\n\t\t\t\t\t\t<\/div>\n\t\t\t\t<div class=\"elementor-element elementor-element-769d7d4 elementor-widget elementor-widget-text-editor\" data-id=\"769d7d4\" data-element_type=\"widget\" data-e-type=\"widget\" data-widget_type=\"text-editor.default\">\n\t\t\t\t\t\t\t\t\t<p><strong>SYNETICS<\/strong> le propone la mejor gen\u00e9tica para:<br \/>\u2022 Las razas bovinas lecheras o mixtas: Holstein, Normando, Pie Rouge, Pardo Suizo.<br \/>\u2022 Las razas de carne: Charolais, Limousin, Blonde D`Aquitaine.<br \/>\u2022 Las razas rusticas: Aubrac, Salers, Gasconne, Tarentaise, Abondance.<br \/>\u2022 Las razas especializadas: Rouge des Pr\u00e9s, Pharthenaise, Bazadaise.<br \/>\u2022 Las razas para cruce: LIMOUCROSS, INRA 95 y Charolais Terminal.<br \/>\u2022 Las razas caprinas: Saanen y Alpine.<\/p>\t\t\t\t\t\t\t\t<\/div>\n\t\t\t\t<\/div>\n\t\t\t\t\t<\/div>\n\t\t\t\t<\/div>\n\t\t<div class=\"elementor-element elementor-element-63cdcc6 e-flex e-con-boxed lakit-col-width-auto-no e-container e-root-container elementor-top-section e-con e-parent\" data-id=\"63cdcc6\" data-element_type=\"container\" data-e-type=\"container\">\n\t\t\t\t\t<div class=\"e-con-inner\">\n\t\t<div class=\"elementor-element elementor-element-2fc99e3 e-con-full e-flex lakit-col-width-auto-no e-container e-con e-child\" data-id=\"2fc99e3\" data-element_type=\"container\" data-e-type=\"container\">\n\t\t\t\t<div class=\"elementor-element elementor-element-acfe687 elementor-widget elementor-widget-heading\" data-id=\"acfe687\" data-element_type=\"widget\" data-e-type=\"widget\" data-widget_type=\"heading.default\">\n\t\t\t\t\t<h2 class=\"elementor-heading-title elementor-size-default\">EMBRIONES:<\/h2>\t\t\t\t<\/div>\n\t\t\t\t<div class=\"elementor-element elementor-element-2b46fcf elementor-widget-divider--view-line elementor-widget elementor-widget-divider\" data-id=\"2b46fcf\" data-element_type=\"widget\" data-e-type=\"widget\" data-widget_type=\"divider.default\">\n\t\t\t\t\t\t\t<div class=\"elementor-divider\">\n\t\t\t<span class=\"elementor-divider-separator\">\n\t\t\t\t\t\t<\/span>\n\t\t<\/div>\n\t\t\t\t\t\t<\/div>\n\t\t\t\t<\/div>\n\t\t<div class=\"elementor-element elementor-element-7746894 e-con-full e-flex lakit-col-width-auto-no e-container e-con e-child\" data-id=\"7746894\" data-element_type=\"container\" data-e-type=\"container\">\n\t\t\t\t<div class=\"elementor-element elementor-element-6bf273a elementor-position-inline-start elementor-view-default elementor-mobile-position-block-start elementor-widget elementor-widget-icon-box\" data-id=\"6bf273a\" data-element_type=\"widget\" data-e-type=\"widget\" data-widget_type=\"icon-box.default\">\n\t\t\t\t\t\t\t<div class=\"elementor-icon-box-wrapper\">\n\n\t\t\t\t\t\t<div class=\"elementor-icon-box-icon\">\n\t\t\t\t<a href=\"https:\/\/www.synetics.world\/\" target=\"_blank\" class=\"elementor-icon\" tabindex=\"-1\" aria-label=\"DISPONIBLE POR ENCARGO \">\n\t\t\t\t<svg aria-hidden=\"true\" class=\"e-font-icon-svg e-fas-location-arrow\" viewBox=\"0 0 512 512\" xmlns=\"http:\/\/www.w3.org\/2000\/svg\"><path d=\"M444.52 3.52L28.74 195.42c-47.97 22.39-31.98 92.75 19.19 92.75h175.91v175.91c0 51.17 70.36 67.17 92.75 19.19l191.9-415.78c15.99-38.39-25.59-79.97-63.97-63.97z\"><\/path><\/svg>\t\t\t\t<\/a>\n\t\t\t<\/div>\n\t\t\t\n\t\t\t\t\t\t<div class=\"elementor-icon-box-content\">\n\n\t\t\t\t\t\t\t\t\t<h3 class=\"elementor-icon-box-title\">\n\t\t\t\t\t\t<a href=\"https:\/\/www.synetics.world\/\" target=\"_blank\" >\n\t\t\t\t\t\t\tDISPONIBLE POR ENCARGO \t\t\t\t\t\t<\/a>\n\t\t\t\t\t<\/h3>\n\t\t\t\t\n\t\t\t\t\t\t\t\t\t<p class=\"elementor-icon-box-description\">\n\t\t\t\t\t\t\u00a1Visite a Synetics! conozca y escoja el material que desee y nosotros lo traeremos para usted.\t\t\t\t\t<\/p>\n\t\t\t\t\n\t\t\t<\/div>\n\t\t\t\n\t\t<\/div>\n\t\t\t\t\t\t<\/div>\n\t\t\t\t<\/div>\n\t\t<div class=\"elementor-element elementor-element-3e56c78 e-con-full e-flex lakit-col-width-auto-no e-container e-con e-child\" data-id=\"3e56c78\" data-element_type=\"container\" data-e-type=\"container\">\n\t\t\t\t<div class=\"elementor-element elementor-element-0e1bd1c elementor-widget elementor-widget-text-editor\" data-id=\"0e1bd1c\" data-element_type=\"widget\" data-e-type=\"widget\" data-widget_type=\"text-editor.default\">\n\t\t\t\t\t\t\t\t\t<p>Para garantizar el m\u00e1ximo desarrollo gen\u00e9tico, <strong>SYNETICS<\/strong> le ofrece una amplia gama de embriones de todas las razas lecheras y c\u00e1rnicas. Estos embriones, producto de madres con potencial confirmado y de los mejores toros, garantizaran el \u00e9xito de su ganado.<\/p>\t\t\t\t\t\t\t\t<\/div>\n\t\t\t\t<\/div>\n\t\t<div class=\"elementor-element elementor-element-a7c4d67 e-con-full e-flex lakit-col-width-auto-no e-container e-con e-child\" data-id=\"a7c4d67\" data-element_type=\"container\" data-e-type=\"container\">\n\t\t\t\t<div class=\"elementor-element elementor-element-40cbfc6 elementor-position-inline-start elementor-view-default elementor-mobile-position-block-start elementor-widget elementor-widget-icon-box\" data-id=\"40cbfc6\" data-element_type=\"widget\" data-e-type=\"widget\" data-widget_type=\"icon-box.default\">\n\t\t\t\t\t\t\t<div class=\"elementor-icon-box-wrapper\">\n\n\t\t\t\t\t\t<div class=\"elementor-icon-box-icon\">\n\t\t\t\t<a href=\"https:\/\/webxcite.net\/egenetica\/wp-content\/uploads\/2026\/03\/catalogo_synetics-2026.pdf\" target=\"_blank\" class=\"elementor-icon\" tabindex=\"-1\" aria-label=\"DISPONIBLE EN COLOMBIA\">\n\t\t\t\t<svg aria-hidden=\"true\" class=\"e-font-icon-svg e-fas-map-marker-alt\" viewBox=\"0 0 384 512\" xmlns=\"http:\/\/www.w3.org\/2000\/svg\"><path d=\"M172.268 501.67C26.97 291.031 0 269.413 0 192 0 85.961 85.961 0 192 0s192 85.961 192 192c0 77.413-26.97 99.031-172.268 309.67-9.535 13.774-29.93 13.773-39.464 0zM192 272c44.183 0 80-35.817 80-80s-35.817-80-80-80-80 35.817-80 80 35.817 80 80 80z\"><\/path><\/svg>\t\t\t\t<\/a>\n\t\t\t<\/div>\n\t\t\t\n\t\t\t\t\t\t<div class=\"elementor-icon-box-content\">\n\n\t\t\t\t\t\t\t\t\t<h3 class=\"elementor-icon-box-title\">\n\t\t\t\t\t\t<a href=\"https:\/\/webxcite.net\/egenetica\/wp-content\/uploads\/2026\/03\/catalogo_synetics-2026.pdf\" target=\"_blank\" >\n\t\t\t\t\t\t\tDISPONIBLE EN COLOMBIA\t\t\t\t\t\t<\/a>\n\t\t\t\t\t<\/h3>\n\t\t\t\t\n\t\t\t\t\t\t\t\t\t<p class=\"elementor-icon-box-description\">\n\t\t\t\t\t\tHaga click AQUI y conozca la oferta de semen europeo que tenemos a su disposici\u00f3n.\t\t\t\t\t<\/p>\n\t\t\t\t\n\t\t\t<\/div>\n\t\t\t\n\t\t<\/div>\n\t\t\t\t\t\t<\/div>\n\t\t\t\t<\/div>\n\t\t\t\t\t<\/div>\n\t\t\t\t<\/div>\n\t\t\t\t<\/div>\n\t\t","protected":false},"excerpt":{"rendered":"<p>Empresa Gen\u00e9tica Especial es distribuidor autorizado de Synetics eG, siendo la empresa europea m\u00e1s grande de gen\u00e9tica. EXCELENCIA Y DIVERSIDAD A SU MEDIDA Las Cooperativas Synetics y MASTERRIND fusionan su Desarrollo gen\u00e9tico y sistemas de actividad para crear la cooperativa SYNETICS eG. \u2022 37,000 ganaderos cooperados\u2022 LA ORGANIZACI\u00d3N DE GEN\u00c9TICA&hellip;<\/p>\n","protected":false},"author":1,"featured_media":0,"parent":0,"menu_order":0,"comment_status":"closed","ping_status":"closed","template":"","meta":{"footnotes":""},"class_list":["post-3116","page","type-page","status-publish","hentry"],"_links":{"self":[{"href":"https:\/\/webxcite.net\/egenetica\/wp-json\/wp\/v2\/pages\/3116","targetHints":{"allow":["GET"]}}],"collection":[{"href":"https:\/\/webxcite.net\/egenetica\/wp-json\/wp\/v2\/pages"}],"about":[{"href":"https:\/\/webxcite.net\/egenetica\/wp-json\/wp\/v2\/types\/page"}],"author":[{"embeddable":true,"href":"https:\/\/webxcite.net\/egenetica\/wp-json\/wp\/v2\/users\/1"}],"replies":[{"embeddable":true,"href":"https:\/\/webxcite.net\/egenetica\/wp-json\/wp\/v2\/comments?post=3116"}],"version-history":[{"count":7,"href":"https:\/\/webxcite.net\/egenetica\/wp-json\/wp\/v2\/pages\/3116\/revisions"}],"predecessor-version":[{"id":5639,"href":"https:\/\/webxcite.net\/egenetica\/wp-json\/wp\/v2\/pages\/3116\/revisions\/5639"}],"wp:attachment":[{"href":"https:\/\/webxcite.net\/egenetica\/wp-json\/wp\/v2\/media?parent=3116"}],"curies":[{"name":"wp","href":"https:\/\/api.w.org\/{rel}","templated":true}]}}