{"id":5727,"date":"2026-03-25T15:12:58","date_gmt":"2026-03-25T20:12:58","guid":{"rendered":"https:\/\/egenetica.com.co\/egenetica\/?page_id=5727"},"modified":"2026-03-25T15:56:03","modified_gmt":"2026-03-25T20:56:03","slug":"proteccion-de-datos-personales","status":"publish","type":"page","link":"https:\/\/webxcite.net\/egenetica\/proteccion-de-datos-personales\/","title":{"rendered":"Protecci\u00f3n de Datos Personales"},"content":{"rendered":"\t\t<div data-elementor-type=\"wp-page\" data-elementor-id=\"5727\" class=\"elementor elementor-5727\">\n\t\t\t\t<div class=\"elementor-element elementor-element-20d00e9 e-con-full e-flex lakit-col-width-auto-no e-container e-root-container elementor-top-section e-con e-parent\" data-id=\"20d00e9\" data-element_type=\"container\" data-e-type=\"container\" data-settings=\"{&quot;background_background&quot;:&quot;classic&quot;}\">\n\t\t<div class=\"elementor-element elementor-element-00f3008 e-con-full e-flex lakit-col-width-auto-no e-container e-con e-child\" data-id=\"00f3008\" data-element_type=\"container\" data-e-type=\"container\" data-settings=\"{&quot;background_background&quot;:&quot;classic&quot;}\">\n\t\t\t\t<\/div>\n\t\t<div class=\"elementor-element elementor-element-90cb6ff e-con-full e-flex lakit-col-width-auto-no e-container e-con e-child\" data-id=\"90cb6ff\" data-element_type=\"container\" data-e-type=\"container\" data-settings=\"{&quot;background_background&quot;:&quot;classic&quot;}\">\n\t\t\t\t<div class=\"elementor-element elementor-element-1f03c48 elementor-position-inline-start elementor-view-default elementor-mobile-position-block-start elementor-widget elementor-widget-icon-box\" data-id=\"1f03c48\" data-element_type=\"widget\" data-e-type=\"widget\" data-widget_type=\"icon-box.default\">\n\t\t\t\t\t\t\t<div class=\"elementor-icon-box-wrapper\">\n\n\t\t\t\t\t\t<div class=\"elementor-icon-box-icon\">\n\t\t\t\t<a href=\"https:\/\/webxcite.net\/egenetica\/wp-content\/uploads\/2026\/03\/manual-base-datos.pdf\" class=\"elementor-icon\" tabindex=\"-1\" aria-label=\"Manual de Base de Datos\">\n\t\t\t\t<svg xmlns=\"http:\/\/www.w3.org\/2000\/svg\" width=\"1024\" height=\"1024\" viewBox=\"0 0 1024 1024\" class=\"lakit-font-icon-svg\" data-icon-name=\"files-3_pdf\" data-icon-type=\"dlicon\"><path d=\"M352 553.6h-64V736h48v-60.8h16c22.4 0 38.4-6.4 51.2-16s19.2-25.6 19.2-48c0-19.2-6.4-32-16-41.6s-32-16-54.4-16zm12.8 76.8c-3.2 3.2-9.6 6.4-19.2 6.4H336v-41.6h12.8c12.8 0 19.2 6.4 19.2 19.2 3.2 3.2 0 9.6-3.2 16zM512 553.6h-64V736h57.6c32 0 54.4-9.6 70.4-25.6s25.6-38.4 25.6-70.4c0-28.8-6.4-51.2-22.4-64s-38.4-22.4-67.2-22.4zm32 128c-6.4 9.6-19.2 12.8-32 12.8h-9.6V592h9.6c12.8 0 22.4 3.2 28.8 12.8s9.6 19.2 9.6 38.4c3.2 16 0 32-6.4 38.4zm92.8 54.4h48v-67.2h57.6v-41.6h-57.6V592h60.8v-38.4H636.8zM992 384h-64v-96c0-3.2 0-9.6-3.2-12.8s-3.2-6.4-6.4-9.6l-256-256c-3.2-3.2-6.4-6.4-9.6-6.4C649.6 0 643.2 0 640 0H128c-19.2 0-32 12.8-32 32v352H32c-19.2 0-32 12.8-32 32v448c0 19.2 12.8 32 32 32h64v96c0 19.2 12.8 32 32 32h768c19.2 0 32-12.8 32-32v-96h64c19.2 0 32-12.8 32-32V416c0-19.2-12.8-32-32-32zM672 108.8L819.2 256H672V108.8zM160 64h448v224c0 19.2 12.8 32 32 32h224v64H160V64zm704 896H160v-64h704v64zm96-128H64V448h896v384z\" fill=\"currentColor\"\/><\/svg>\t\t\t\t<\/a>\n\t\t\t<\/div>\n\t\t\t\n\t\t\t\t\t\t<div class=\"elementor-icon-box-content\">\n\n\t\t\t\t\t\t\t\t\t<h3 class=\"elementor-icon-box-title\">\n\t\t\t\t\t\t<a href=\"https:\/\/webxcite.net\/egenetica\/wp-content\/uploads\/2026\/03\/manual-base-datos.pdf\" >\n\t\t\t\t\t\t\tManual de Base de Datos\t\t\t\t\t\t<\/a>\n\t\t\t\t\t<\/h3>\n\t\t\t\t\n\t\t\t\t\t\t\t\t\t<p class=\"elementor-icon-box-description\">\n\t\t\t\t\t\tEMPRESA GENETICA ESPECIAL E.G.E. LTDA adopta el presente manual interno que comprende las pol\u00edticas y procedimientos para garantizar el adecuado manejo de las diferentes bases de datos, de acuerdo con la normatividad vigente...VER M\u00c1S\t\t\t\t\t<\/p>\n\t\t\t\t\n\t\t\t<\/div>\n\t\t\t\n\t\t<\/div>\n\t\t\t\t\t\t<\/div>\n\t\t\t\t<div class=\"elementor-element elementor-element-a35042b elementor-position-inline-start elementor-view-default elementor-mobile-position-block-start elementor-widget elementor-widget-icon-box\" data-id=\"a35042b\" data-element_type=\"widget\" data-e-type=\"widget\" data-widget_type=\"icon-box.default\">\n\t\t\t\t\t\t\t<div class=\"elementor-icon-box-wrapper\">\n\n\t\t\t\t\t\t<div class=\"elementor-icon-box-icon\">\n\t\t\t\t<a href=\"https:\/\/webxcite.net\/egenetica\/wp-content\/uploads\/2026\/03\/formato-autorizacion.pdf\" class=\"elementor-icon\" tabindex=\"-1\" aria-label=\"Formato de Autorizaci\u00f3n\">\n\t\t\t\t<svg xmlns=\"http:\/\/www.w3.org\/2000\/svg\" width=\"1024\" height=\"1024\" viewBox=\"0 0 1024 1024\" class=\"lakit-font-icon-svg\" data-icon-name=\"files-3_pdf\" data-icon-type=\"dlicon\"><path d=\"M352 553.6h-64V736h48v-60.8h16c22.4 0 38.4-6.4 51.2-16s19.2-25.6 19.2-48c0-19.2-6.4-32-16-41.6s-32-16-54.4-16zm12.8 76.8c-3.2 3.2-9.6 6.4-19.2 6.4H336v-41.6h12.8c12.8 0 19.2 6.4 19.2 19.2 3.2 3.2 0 9.6-3.2 16zM512 553.6h-64V736h57.6c32 0 54.4-9.6 70.4-25.6s25.6-38.4 25.6-70.4c0-28.8-6.4-51.2-22.4-64s-38.4-22.4-67.2-22.4zm32 128c-6.4 9.6-19.2 12.8-32 12.8h-9.6V592h9.6c12.8 0 22.4 3.2 28.8 12.8s9.6 19.2 9.6 38.4c3.2 16 0 32-6.4 38.4zm92.8 54.4h48v-67.2h57.6v-41.6h-57.6V592h60.8v-38.4H636.8zM992 384h-64v-96c0-3.2 0-9.6-3.2-12.8s-3.2-6.4-6.4-9.6l-256-256c-3.2-3.2-6.4-6.4-9.6-6.4C649.6 0 643.2 0 640 0H128c-19.2 0-32 12.8-32 32v352H32c-19.2 0-32 12.8-32 32v448c0 19.2 12.8 32 32 32h64v96c0 19.2 12.8 32 32 32h768c19.2 0 32-12.8 32-32v-96h64c19.2 0 32-12.8 32-32V416c0-19.2-12.8-32-32-32zM672 108.8L819.2 256H672V108.8zM160 64h448v224c0 19.2 12.8 32 32 32h224v64H160V64zm704 896H160v-64h704v64zm96-128H64V448h896v384z\" fill=\"currentColor\"\/><\/svg>\t\t\t\t<\/a>\n\t\t\t<\/div>\n\t\t\t\n\t\t\t\t\t\t<div class=\"elementor-icon-box-content\">\n\n\t\t\t\t\t\t\t\t\t<h3 class=\"elementor-icon-box-title\">\n\t\t\t\t\t\t<a href=\"https:\/\/webxcite.net\/egenetica\/wp-content\/uploads\/2026\/03\/formato-autorizacion.pdf\" >\n\t\t\t\t\t\t\tFormato de Autorizaci\u00f3n\t\t\t\t\t\t<\/a>\n\t\t\t\t\t<\/h3>\n\t\t\t\t\n\t\t\t\t\t\t\t\t\t<p class=\"elementor-icon-box-description\">\n\t\t\t\t\t\tEGE LTDA en cumplimiento de lo definido en la Ley 1581 de 2012 le informa que los datos personales que usted suministre  ser\u00e1n tratados mediante el uso y mantenimiento de medidas de seguridad t\u00e9cnicas, f\u00edsicas y administrativas a fin de impedir que terceros no autorizados accedan a los mismos....VER M\u00c1S\t\t\t\t\t<\/p>\n\t\t\t\t\n\t\t\t<\/div>\n\t\t\t\n\t\t<\/div>\n\t\t\t\t\t\t<\/div>\n\t\t\t\t<div class=\"elementor-element elementor-element-8860a66 elementor-position-inline-start elementor-view-default elementor-mobile-position-block-start elementor-widget elementor-widget-icon-box\" data-id=\"8860a66\" data-element_type=\"widget\" data-e-type=\"widget\" data-widget_type=\"icon-box.default\">\n\t\t\t\t\t\t\t<div class=\"elementor-icon-box-wrapper\">\n\n\t\t\t\t\t\t<div class=\"elementor-icon-box-icon\">\n\t\t\t\t<a href=\"https:\/\/webxcite.net\/egenetica\/wp-content\/uploads\/2026\/03\/formato-reclamaciones.pdf\" class=\"elementor-icon\" tabindex=\"-1\" aria-label=\"Formato de Reclamaciones\">\n\t\t\t\t<svg xmlns=\"http:\/\/www.w3.org\/2000\/svg\" width=\"1024\" height=\"1024\" viewBox=\"0 0 1024 1024\" class=\"lakit-font-icon-svg\" data-icon-name=\"files-3_pdf\" data-icon-type=\"dlicon\"><path d=\"M352 553.6h-64V736h48v-60.8h16c22.4 0 38.4-6.4 51.2-16s19.2-25.6 19.2-48c0-19.2-6.4-32-16-41.6s-32-16-54.4-16zm12.8 76.8c-3.2 3.2-9.6 6.4-19.2 6.4H336v-41.6h12.8c12.8 0 19.2 6.4 19.2 19.2 3.2 3.2 0 9.6-3.2 16zM512 553.6h-64V736h57.6c32 0 54.4-9.6 70.4-25.6s25.6-38.4 25.6-70.4c0-28.8-6.4-51.2-22.4-64s-38.4-22.4-67.2-22.4zm32 128c-6.4 9.6-19.2 12.8-32 12.8h-9.6V592h9.6c12.8 0 22.4 3.2 28.8 12.8s9.6 19.2 9.6 38.4c3.2 16 0 32-6.4 38.4zm92.8 54.4h48v-67.2h57.6v-41.6h-57.6V592h60.8v-38.4H636.8zM992 384h-64v-96c0-3.2 0-9.6-3.2-12.8s-3.2-6.4-6.4-9.6l-256-256c-3.2-3.2-6.4-6.4-9.6-6.4C649.6 0 643.2 0 640 0H128c-19.2 0-32 12.8-32 32v352H32c-19.2 0-32 12.8-32 32v448c0 19.2 12.8 32 32 32h64v96c0 19.2 12.8 32 32 32h768c19.2 0 32-12.8 32-32v-96h64c19.2 0 32-12.8 32-32V416c0-19.2-12.8-32-32-32zM672 108.8L819.2 256H672V108.8zM160 64h448v224c0 19.2 12.8 32 32 32h224v64H160V64zm704 896H160v-64h704v64zm96-128H64V448h896v384z\" fill=\"currentColor\"\/><\/svg>\t\t\t\t<\/a>\n\t\t\t<\/div>\n\t\t\t\n\t\t\t\t\t\t<div class=\"elementor-icon-box-content\">\n\n\t\t\t\t\t\t\t\t\t<h3 class=\"elementor-icon-box-title\">\n\t\t\t\t\t\t<a href=\"https:\/\/webxcite.net\/egenetica\/wp-content\/uploads\/2026\/03\/formato-reclamaciones.pdf\" >\n\t\t\t\t\t\t\tFormato de Reclamaciones\t\t\t\t\t\t<\/a>\n\t\t\t\t\t<\/h3>\n\t\t\t\t\n\t\t\t\t\t\t\t\t\t<p class=\"elementor-icon-box-description\">\n\t\t\t\t\t\tPara reclamaciones, actualizaciones y supresi\u00f3n de datos personales por favor llevar este formulario y enviarlo seg\u00fan como se especifica....VER M\u00c1S\t\t\t\t\t<\/p>\n\t\t\t\t\n\t\t\t<\/div>\n\t\t\t\n\t\t<\/div>\n\t\t\t\t\t\t<\/div>\n\t\t\t\t<\/div>\n\t\t\t\t<\/div>\n\t\t\t\t<\/div>\n\t\t","protected":false},"excerpt":{"rendered":"<p>Manual de Base de Datos EMPRESA GENETICA ESPECIAL E.G.E. LTDA adopta el presente manual interno que comprende las pol\u00edticas y procedimientos para garantizar el adecuado manejo de las diferentes bases de datos, de acuerdo con la normatividad vigente&#8230;VER M\u00c1S Formato de Autorizaci\u00f3n EGE LTDA en cumplimiento de lo definido en&hellip;<\/p>\n","protected":false},"author":1,"featured_media":0,"parent":0,"menu_order":0,"comment_status":"closed","ping_status":"closed","template":"","meta":{"footnotes":""},"class_list":["post-5727","page","type-page","status-publish","hentry"],"_links":{"self":[{"href":"https:\/\/webxcite.net\/egenetica\/wp-json\/wp\/v2\/pages\/5727","targetHints":{"allow":["GET"]}}],"collection":[{"href":"https:\/\/webxcite.net\/egenetica\/wp-json\/wp\/v2\/pages"}],"about":[{"href":"https:\/\/webxcite.net\/egenetica\/wp-json\/wp\/v2\/types\/page"}],"author":[{"embeddable":true,"href":"https:\/\/webxcite.net\/egenetica\/wp-json\/wp\/v2\/users\/1"}],"replies":[{"embeddable":true,"href":"https:\/\/webxcite.net\/egenetica\/wp-json\/wp\/v2\/comments?post=5727"}],"version-history":[{"count":4,"href":"https:\/\/webxcite.net\/egenetica\/wp-json\/wp\/v2\/pages\/5727\/revisions"}],"predecessor-version":[{"id":5737,"href":"https:\/\/webxcite.net\/egenetica\/wp-json\/wp\/v2\/pages\/5727\/revisions\/5737"}],"wp:attachment":[{"href":"https:\/\/webxcite.net\/egenetica\/wp-json\/wp\/v2\/media?parent=5727"}],"curies":[{"name":"wp","href":"https:\/\/api.w.org\/{rel}","templated":true}]}}